{"id":1792,"date":"2024-02-08T19:05:41","date_gmt":"2024-02-08T22:05:41","guid":{"rendered":"https:\/\/iesstarosa-slu.infd.edu.ar\/sitio\/?page_id=1792"},"modified":"2024-07-25T08:18:19","modified_gmt":"2024-07-25T11:18:19","slug":"contacto-2","status":"publish","type":"page","link":"https:\/\/iesstarosa-slu.infd.edu.ar\/sitio\/contacto-2\/","title":{"rendered":"CONTACTO"},"content":{"rendered":"\n<h2 class=\"wp-block-heading\">Comunicate con nosotros<\/h2>\n<div class=\"container\">\n    <div class=\"columna\">\n        <h2>Formulario de Consulta<\/h2>\n        <p><!DOCTYPE html>\n<html lang=\"es\">\n<head>\n<meta charset=\"UTF-8\">\n<meta name=\"viewport\" content=\"width=device-width, initial-scale=1.0\">\n<\/head>\n<body>\n\n<form action=\"procesar_consulta.php\" method=\"post\">\n    <label for=\"nombre\">Nombre:<\/label><br>\n    <input type=\"text\" id=\"nombre\" name=\"nombre\" required><br><br>\n\n    <label for=\"apellidos\">Apellidos:<\/label><br>\n    <input type=\"text\" id=\"apellidos\" name=\"apellidos\" required><br><br>\n\n    <label for=\"email\">E-mail:<\/label><br>\n    <input type=\"email\" id=\"email\" name=\"email\" required><br><br>\n\n    <label for=\"direccion\">Direcci\u00f3n:<\/label><br>\n    <input type=\"text\" id=\"direccion\" name=\"direccion\"><br><br>\n\n    <label for=\"ciudad\">Ciudad:<\/label><br>\n    <input type=\"text\" id=\"ciudad\" name=\"ciudad\"><br><br>\n\n    <label for=\"codigo_postal\">C\u00f3digo Postal:<\/label><br>\n    <input type=\"text\" id=\"codigo_postal\" name=\"codigo_postal\"><br><br>\n\n    <label for=\"provincia\">Provincia:<\/label><br>\n    <input type=\"text\" id=\"provincia\" name=\"provincia\"><br><br>\n\n    <label for=\"pais\">Pa\u00eds:<\/label><br>\n    <input type=\"text\" id=\"pais\" name=\"pais\"><br><br>\n\n    <label for=\"comentarios\">Comentarios:<\/label><br>\n    <textarea id=\"comentarios\" name=\"comentarios\" rows=\"4\" cols=\"50\" required><\/textarea><br><br>\n\n    <label for=\"sugerencias\">Sugerencias:<\/label><br>\n    <textarea id=\"sugerencias\" name=\"sugerencias\" rows=\"4\" cols=\"50\"><\/textarea><br><br>\n\n    <input type=\"submit\" value=\"Enviar consulta\">\n<\/form>\n<?php\nif ($_SERVER[\"REQUEST_METHOD\"] == \"POST\") {\n    $nombre = $_POST['nombre'];\n    $apellidos = $_POST['apellidos'];\n    $email = $_POST['email'];\n    $direccion = $_POST['direccion'];\n    $ciudad = $_POST['ciudad'];\n    $codigo_postal = $_POST['codigo_postal'];\n    $provincia = $_POST['provincia'];\n    $pais = $_POST['pais'];\n    $comentarios = $_POST['comentarios'];\n    $sugerencias = $_POST['sugerencias'];\n    \n    $destinatario = \"secretariaiseeisantarosa@gmail.com\";\n    $asunto = \"Consulta de: $nombre $apellidos\";\n    $mensaje = \"Nombre: $nombre\\n\";\n    $mensaje .= \"Apellidos: $apellidos\\n\";\n    $mensaje .= \"E-mail: $email\\n\";\n    $mensaje .= \"Direcci\u00f3n: $direccion\\n\";\n    $mensaje .= \"Ciudad: $ciudad\\n\";\n    $mensaje .= \"C\u00f3digo Postal: $codigo_postal\\n\";\n    $mensaje .= \"Provincia: $provincia\\n\";\n    $mensaje .= \"Pa\u00eds: $pais\\n\";\n    $mensaje .= \"Comentarios:\\n$comentarios\\n\";\n    $mensaje .= \"Sugerencias:\\n$sugerencias\";\n\n    \/\/ Env\u00edo del correo electr\u00f3nico\n    mail($destinatario, $asunto, $mensaje);\n\n    \/\/ Redireccionar o mostrar un mensaje de confirmaci\u00f3n\n    header(\"Location: gracias.html\");\n    exit();\n}\n?>\n<\/body>\n<\/html>\n.<\/p>\n    <\/div>\n    <div class=\"columna\">\n        <h2>Ubicaci\u00f3n<\/h2>\n        <p>Ver mapa aqu\u00ed: <a href=\"https:\/\/maps.app.goo.gl\/BwSZRCH3AWB7EsAF9\" target=\"_blank\" rel=\"noopener\">https:\/\/maps.app.goo.gl\/BwSZRCH3AWB7EsAF9<\/a><\/p>\n\n<p><iframe src=\"https:\/\/www.google.com\/maps\/embed?pb=!1m17!1m12!1m3!1d3370.854190838125!2d-65.19057251086335!3d-32.3426237333428!2m3!1f0!2f0!3f0!3m2!1i1024!2i768!4f13.1!3m2!1m1!2zMzLCsDIwJzMyLjkiUyA2NcKwMTEnMTYuNyJX!5e0!3m2!1ses!2sar!4v1707425849104!5m2!1ses!2sar\" width=\"600\" height=\"450\" style=\"border:0;\" allowfullscreen=\"\" loading=\"lazy\" referrerpolicy=\"no-referrer-when-downgrade\"><\/iframe><\/p>\n<p>Insituto Superior de Educaci\u00f3n e Innovaci\u00f3n.<p>\n<p><b>Direcci\u00f3n:<\/b> <i>Ernesto Rafani S\/N entre Av. Padre tavaloro y Dorrego.<\/i><p>\n<p><b>C.P. 5777<\/b> &#8211; <i>Santa Rosa del Conlara.<\/i><p>\n<p><b>Provincia:<\/b> <i>San Luis<\/i><p>\n<p><b>Pa\u00eds:<\/b> <i>Rep\u00fablica Argentina<\/i><p>\n<p><b>Direcci\u00f3n de correo del Instituto: <\/b> <i>santarosadelconlaraiseei2024@gmail.com<\/i><p>\n<p><b>Secci\u00f3n Alumnos:<\/b> <i>alumnosiseeisantarosa@gmail.com<\/i><p>\n\n<\/div>\n<style>\n    .container {\n        display: flex;\n    }\n    .columna {\n        flex: 1;\n        padding: 20px;\n    }\n    \/* Opcional: Ajusta el estilo de las columnas seg\u00fan tus preferencias *\/\n    .columna:nth-child(odd) {\n        background-color: #f0f0f0; \/* Cambia el color de fondo de la primera columna *\/\n    }\n    .columna:nth-child(even) {\n        background-color: #e0e0e0; \/* Cambia el color de fondo de la segunda columna *\/\n    }\n<\/style\n","protected":false},"excerpt":{"rendered":"<p>Comunicate con nosotros Formulario de Consulta Nombre: Apellidos: E-mail: Direcci\u00f3n: Ciudad: C\u00f3digo Postal: Provincia: Pa\u00eds: Comentarios: Sugerencias: . Ubicaci\u00f3n Ver mapa aqu\u00ed: https:\/\/maps.app.goo.gl\/BwSZRCH3AWB7EsAF9 Insituto Superior de Educaci\u00f3n e Innovaci\u00f3n. Direcci\u00f3n: Ernesto Rafani S\/N entre Av. Padre tavaloro y Dorrego. C.P. 5777 &#8211; Santa Rosa del Conlara. Provincia: San Luis Pa\u00eds: Rep\u00fablica Argentina Direcci\u00f3n de correo &#8230; <a title=\"CONTACTO\" class=\"read-more\" href=\"https:\/\/iesstarosa-slu.infd.edu.ar\/sitio\/contacto-2\/\" aria-label=\"More on CONTACTO\">[+]<\/a><\/p>\n","protected":false},"author":915,"featured_media":0,"parent":0,"menu_order":0,"comment_status":"closed","ping_status":"closed","template":"","meta":[],"acf":[],"_links":{"self":[{"href":"https:\/\/iesstarosa-slu.infd.edu.ar\/sitio\/wp-json\/wp\/v2\/pages\/1792"}],"collection":[{"href":"https:\/\/iesstarosa-slu.infd.edu.ar\/sitio\/wp-json\/wp\/v2\/pages"}],"about":[{"href":"https:\/\/iesstarosa-slu.infd.edu.ar\/sitio\/wp-json\/wp\/v2\/types\/page"}],"author":[{"embeddable":true,"href":"https:\/\/iesstarosa-slu.infd.edu.ar\/sitio\/wp-json\/wp\/v2\/users\/915"}],"replies":[{"embeddable":true,"href":"https:\/\/iesstarosa-slu.infd.edu.ar\/sitio\/wp-json\/wp\/v2\/comments?post=1792"}],"version-history":[{"count":16,"href":"https:\/\/iesstarosa-slu.infd.edu.ar\/sitio\/wp-json\/wp\/v2\/pages\/1792\/revisions"}],"predecessor-version":[{"id":1952,"href":"https:\/\/iesstarosa-slu.infd.edu.ar\/sitio\/wp-json\/wp\/v2\/pages\/1792\/revisions\/1952"}],"wp:attachment":[{"href":"https:\/\/iesstarosa-slu.infd.edu.ar\/sitio\/wp-json\/wp\/v2\/media?parent=1792"}],"curies":[{"name":"wp","href":"https:\/\/api.w.org\/{rel}","templated":true}]}}