{"id":795,"date":"2021-05-05T15:07:45","date_gmt":"2021-05-05T18:07:45","guid":{"rendered":"https:\/\/iesstarosa-slu.infd.edu.ar\/sitio\/?page_id=795"},"modified":"2024-02-01T13:29:46","modified_gmt":"2024-02-01T16:29:46","slug":"capacitacion","status":"publish","type":"page","link":"https:\/\/iesstarosa-slu.infd.edu.ar\/sitio\/capacitacion\/","title":{"rendered":"Capacitaciones"},"content":{"rendered":"<p>La Red Nacional de Institutos Superiores de Formaci\u00f3n Docente empez\u00f3 a construirse hacia fines del 2007, con el objeto de construir un espacio de encuentro y colaboraci\u00f3n, recuperar y comunicar experiencias innovadoras y formar criterios para el uso profesional y pedag\u00f3gico de las TIC.<\/p>\n<p>\u00a0<\/p>\n<p>\u00a0<\/p>\n\n\n<p><\/p>\n","protected":false},"excerpt":{"rendered":"<p>La Red Nacional de Institutos Superiores de Formaci\u00f3n Docente empez\u00f3 a construirse hacia fines del 2007, con el objeto de construir un espacio de encuentro y colaboraci\u00f3n, recuperar y comunicar experiencias innovadoras y formar criterios para el uso profesional y pedag\u00f3gico de las TIC. \u00a0 \u00a0<\/p>\n","protected":false},"author":1,"featured_media":0,"parent":0,"menu_order":0,"comment_status":"closed","ping_status":"closed","template":"","meta":[],"acf":[],"_links":{"self":[{"href":"https:\/\/iesstarosa-slu.infd.edu.ar\/sitio\/wp-json\/wp\/v2\/pages\/795"}],"collection":[{"href":"https:\/\/iesstarosa-slu.infd.edu.ar\/sitio\/wp-json\/wp\/v2\/pages"}],"about":[{"href":"https:\/\/iesstarosa-slu.infd.edu.ar\/sitio\/wp-json\/wp\/v2\/types\/page"}],"author":[{"embeddable":true,"href":"https:\/\/iesstarosa-slu.infd.edu.ar\/sitio\/wp-json\/wp\/v2\/users\/1"}],"replies":[{"embeddable":true,"href":"https:\/\/iesstarosa-slu.infd.edu.ar\/sitio\/wp-json\/wp\/v2\/comments?post=795"}],"version-history":[{"count":14,"href":"https:\/\/iesstarosa-slu.infd.edu.ar\/sitio\/wp-json\/wp\/v2\/pages\/795\/revisions"}],"predecessor-version":[{"id":1654,"href":"https:\/\/iesstarosa-slu.infd.edu.ar\/sitio\/wp-json\/wp\/v2\/pages\/795\/revisions\/1654"}],"wp:attachment":[{"href":"https:\/\/iesstarosa-slu.infd.edu.ar\/sitio\/wp-json\/wp\/v2\/media?parent=795"}],"curies":[{"name":"wp","href":"https:\/\/api.w.org\/{rel}","templated":true}]}}